{"id":25860,"date":"2023-03-31T10:25:46","date_gmt":"2023-03-31T10:25:46","guid":{"rendered":"https:\/\/initiativkreis-nordstadt.de\/?page_id=25860"},"modified":"2026-03-09T07:10:47","modified_gmt":"2026-03-09T07:10:47","slug":"skulpturenpfad","status":"publish","type":"page","link":"https:\/\/initiativkreis-nordstadt.de\/?page_id=25860","title":{"rendered":"Skulpturenpfad"},"content":{"rendered":"<p>[et_pb_section fb_built=&#8220;1&#8243; _builder_version=&#8220;4.20.2&#8243; _module_preset=&#8220;default&#8220; global_colors_info=&#8220;{}&#8220;][et_pb_row _builder_version=&#8220;4.20.2&#8243; _module_preset=&#8220;default&#8220; global_colors_info=&#8220;{}&#8220;][et_pb_column type=&#8220;4_4&#8243; _builder_version=&#8220;4.20.2&#8243; _module_preset=&#8220;default&#8220; global_colors_info=&#8220;{}&#8220;][et_pb_cta title=&#8220;Skulpturenpfad&#8220; button_text=&#8220;Klicks&#8220; _builder_version=&#8220;4.20.2&#8243; _module_preset=&#8220;default&#8220; header_level=&#8220;h1&#8243; header_font_size=&#8220;38px&#8220; body_font_size=&#8220;16px&#8220; global_colors_info=&#8220;{}&#8220;]<\/p>\n<p>Der Skultpurenpfad Nordpark geh\u00f6rt zu den gr\u00f6\u00dften und langangelegtesten Projekten des Initiativkreis Nordstadt und wird betreut von Beate Pricking. Das Ziel ist es, rund um den Nordpark herum und in einem weiterem Schritt auch bis zum Jostensbusch, einen Skulpturenpfad anzulegen, der durch Kunst im \u00f6ffentlichen Raum den Lebenswert in der Nordstadt weiter erh\u00f6ht. Einige der geplanten Skulpturen konnten Dank der gro\u00dfz\u00fcgigen Unterst\u00fctzung vieler B\u00fcrger und Unternehmen der Nordstadt bereits realisiert werden, weitere sind in Planung.<\/p>\n<p>[\/et_pb_cta][\/et_pb_column][\/et_pb_row][et_pb_row _builder_version=&#8220;4.20.2&#8243; _module_preset=&#8220;default&#8220; global_colors_info=&#8220;{}&#8220;][et_pb_column type=&#8220;4_4&#8243; _builder_version=&#8220;4.20.2&#8243; _module_preset=&#8220;default&#8220; global_colors_info=&#8220;{}&#8220;][et_pb_button button_url=&#8220;https:\/\/initiativkreis-nordstadt.de\/wp-content\/uploads\/2026\/03\/Initiativkreis_Skulpturenpfad_web_neu.pdf&#8220; url_new_window=&#8220;on&#8220; button_text=&#8220;Zum Download unseres Flyers Skulpturenpfad&#8220; button_alignment=&#8220;center&#8220; _builder_version=&#8220;4.27.6&#8243; _module_preset=&#8220;default&#8220; custom_button=&#8220;on&#8220; button_text_size=&#8220;24px&#8220; button_text_color=&#8220;#FFFFFF&#8220; button_bg_color=&#8220;#45a51c&#8220; button_border_width=&#8220;0px&#8220; button_border_radius=&#8220;16px&#8220; button_icon=&#8220;&#x24;||divi||400&#8243; hover_enabled=&#8220;0&#8243; global_colors_info=&#8220;{}&#8220; sticky_enabled=&#8220;0&#8243;][\/et_pb_button][\/et_pb_column][\/et_pb_row][\/et_pb_section]<\/p>\n","protected":false},"excerpt":{"rendered":"<p>Der Skultpurenpfad Nordpark geh\u00f6rt zu den gr\u00f6\u00dften und langangelegtesten Projekten des Initiativkreis Nordstadt und wird betreut von Beate Pricking. Das Ziel ist es, rund um den Nordpark herum und in einem weiterem Schritt auch bis zum Jostensbusch, einen Skulpturenpfad anzulegen, der durch Kunst im \u00f6ffentlichen Raum den Lebenswert in der Nordstadt weiter erh\u00f6ht. Einige der [&hellip;]<\/p>\n","protected":false},"author":2,"featured_media":0,"parent":0,"menu_order":0,"comment_status":"closed","ping_status":"closed","template":"","meta":{"_et_pb_use_builder":"on","_et_pb_old_content":"","_et_gb_content_width":"","footnotes":""},"class_list":["post-25860","page","type-page","status-publish","hentry"],"_links":{"self":[{"href":"https:\/\/initiativkreis-nordstadt.de\/index.php?rest_route=\/wp\/v2\/pages\/25860","targetHints":{"allow":["GET"]}}],"collection":[{"href":"https:\/\/initiativkreis-nordstadt.de\/index.php?rest_route=\/wp\/v2\/pages"}],"about":[{"href":"https:\/\/initiativkreis-nordstadt.de\/index.php?rest_route=\/wp\/v2\/types\/page"}],"author":[{"embeddable":true,"href":"https:\/\/initiativkreis-nordstadt.de\/index.php?rest_route=\/wp\/v2\/users\/2"}],"replies":[{"embeddable":true,"href":"https:\/\/initiativkreis-nordstadt.de\/index.php?rest_route=%2Fwp%2Fv2%2Fcomments&post=25860"}],"version-history":[{"count":9,"href":"https:\/\/initiativkreis-nordstadt.de\/index.php?rest_route=\/wp\/v2\/pages\/25860\/revisions"}],"predecessor-version":[{"id":26052,"href":"https:\/\/initiativkreis-nordstadt.de\/index.php?rest_route=\/wp\/v2\/pages\/25860\/revisions\/26052"}],"wp:attachment":[{"href":"https:\/\/initiativkreis-nordstadt.de\/index.php?rest_route=%2Fwp%2Fv2%2Fmedia&parent=25860"}],"curies":[{"name":"wp","href":"https:\/\/api.w.org\/{rel}","templated":true}]}}