{"id":25592,"date":"2022-08-30T14:27:27","date_gmt":"2022-08-30T14:27:27","guid":{"rendered":"https:\/\/initiativkreis-nordstadt.de\/?page_id=25592"},"modified":"2022-09-02T13:57:54","modified_gmt":"2022-09-02T13:57:54","slug":"kontakt-mitgliedschaft","status":"publish","type":"page","link":"https:\/\/initiativkreis-nordstadt.de\/?page_id=25592","title":{"rendered":"Kontakt &#038; Mitgliedschaft"},"content":{"rendered":"\n[et_pb_section fb_built=&#8220;1&#8243; _builder_version=&#8220;4.18.0&#8243; _module_preset=&#8220;default&#8220; background_color=&#8220;rgba(18,135,111,0.26)&#8220; width=&#8220;100%&#8220; module_alignment=&#8220;center&#8220; global_colors_info=&#8220;{}&#8220;][et_pb_row _builder_version=&#8220;4.18.0&#8243; _module_preset=&#8220;default&#8220; background_color=&#8220;RGBA(255,255,255,0)&#8220; global_colors_info=&#8220;{}&#8220;][et_pb_column type=&#8220;4_4&#8243; _builder_version=&#8220;4.18.0&#8243; _module_preset=&#8220;default&#8220; global_colors_info=&#8220;{}&#8220;][et_pb_cta title=&#8220;Mitglied im Initiativkreis Nordstadt werden&#8220; button_url=&#8220;https:\/\/initiativkreis-nordstadt.de\/wp-content\/uploads\/2022\/08\/Aufnahmeantrag_Initiativkreis.pdf&#8220; url_new_window=&#8220;on&#8220; button_text=&#8220;Aufnahmeantrag hier einfach downloaden&#8220; _builder_version=&#8220;4.18.0&#8243; _module_preset=&#8220;default&#8220; header_font=&#8220;Oswald|||on|||||&#8220; header_text_color=&#8220;#000000&#8243; header_font_size=&#8220;34px&#8220; body_font=&#8220;Source Sans Pro|600|||||||&#8220; body_text_color=&#8220;#000000&#8243; body_font_size=&#8220;15px&#8220; body_line_height=&#8220;1.5em&#8220; background_color=&#8220;#FFFFFF&#8220; custom_button=&#8220;on&#8220; button_text_size=&#8220;21px&#8220; button_text_color=&#8220;#FFFFFF&#8220; button_bg_color=&#8220;#12876F&#8220; button_border_width=&#8220;3px&#8220; button_border_color=&#8220;#FFFFFF&#8220; button_border_radius=&#8220;21px&#8220; button_font=&#8220;Oswald|||on|||||&#8220; button_icon=&#8220;&#x3f;||divi||400&#8243; button_alignment=&#8220;center&#8220; button_custom_padding=&#8220;0px||||false|false&#8220; custom_padding=&#8220;20px||||false|false&#8220; link_option_url=&#8220;https:\/\/initiativkreis-nordstadt.de\/wp-content\/uploads\/2022\/08\/Aufnahmeantrag_Initiativkreis.pdf&#8220; border_radii=&#8220;on|20px|20px|20px|20px&#8220; border_width_all=&#8220;1px&#8220; global_colors_info=&#8220;{}&#8220;]<p>&nbsp;<\/p>\n<p>Wir freuen uns, wenn Sie sich f\u00fcr eine Mitgliedschaft interessieren. Liegt Ihnen auch die Nordstadt am Herzen? W\u00fcrden Sie gerne einiges ver\u00e4ndern oder haben Sie Ideen unseren Stadtteil zu verbessern? Sie k\u00f6nnen uns mit sowohl mit einer passiven Mitgliedschaft unterst\u00fctzen, als auch aktiv in unserem Verein mitwirken. Wenn Sie hierzu noch Fragen haben, k\u00f6nnen Sie uns anrufen oder einfach das untenstehende Kontaktformular benutzen.<\/p>\n<p>Oder Sie f\u00fcllen einfach unseren Mitgliedsantrag aus und senden diesen postalisch an: Initiativkreis Nordstadt | Am Strickmorgen 7 | 41464 Neuss<\/p>\n<p>Sie k\u00f6nnen den ausgef\u00fcllten Antrag auch mit Ihrem Smartphone fotografieren und per E-Mail-Anhang senden: <a href=\"mailto:kontakt@initiativkreis-nordstadt.de\">kontakt@initiativkreis-nordstadt.de<\/a><\/p>[\/et_pb_cta][\/et_pb_column][\/et_pb_row][et_pb_row _builder_version=&#8220;4.18.0&#8243; _module_preset=&#8220;default&#8220; global_colors_info=&#8220;{}&#8220;][et_pb_column type=&#8220;4_4&#8243; _builder_version=&#8220;4.18.0&#8243; _module_preset=&#8220;default&#8220; global_colors_info=&#8220;{}&#8220;][et_pb_button button_text=&#8220;Unsere Satzung k\u00f6nnen Sie hier downloaden&#8220; button_alignment=&#8220;center&#8220; _builder_version=&#8220;4.18.0&#8243; _module_preset=&#8220;default&#8220; custom_button=&#8220;on&#8220; button_border_radius=&#8220;18px&#8220; button_font=&#8220;|||on|||||&#8220; hover_enabled=&#8220;0&#8243; global_colors_info=&#8220;{}&#8220; button_url=&#8220;https:\/\/initiativkreis-nordstadt.de\/wp-content\/uploads\/2022\/09\/Satzung.pdf&#8220; url_new_window=&#8220;on&#8220; sticky_enabled=&#8220;0&#8243;][\/et_pb_button][\/et_pb_column][\/et_pb_row][\/et_pb_section][et_pb_section fb_built=&#8220;1&#8243; _builder_version=&#8220;4.18.0&#8243; _module_preset=&#8220;default&#8220; background_enable_image=&#8220;off&#8220; custom_margin=&#8220;-50px||||false|false&#8220; global_colors_info=&#8220;{}&#8220;][et_pb_row _builder_version=&#8220;4.18.0&#8243; _module_preset=&#8220;default&#8220; global_colors_info=&#8220;{}&#8220;][et_pb_column type=&#8220;4_4&#8243; _builder_version=&#8220;4.18.0&#8243; _module_preset=&#8220;default&#8220; global_colors_info=&#8220;{}&#8220;][et_pb_contact_form email=&#8220;kontakt@rheinische-medienmanufaktur.de, kontakt@initiativkreis-nordstadt.de&#8220; title=&#8220;Nehmen Sie Kontakt mit uns auf&#8220; success_message=&#8220;Vielen Dank, wir haben Ihre Nachricht erhalten.&#8220; submit_button_text=&#8220;Senden&#8220; _builder_version=&#8220;4.18.0&#8243; _module_preset=&#8220;default&#8220; _unique_id=&#8220;bd451dfb-62b4-4c67-8975-a92575ebcfca&#8220; form_field_background_color=&#8220;rgba(18,135,111,0.24)&#8220; form_field_text_color=&#8220;#000000&#8243; title_font=&#8220;Oswald|||on|||||&#8220; title_text_align=&#8220;left&#8220; title_font_size=&#8220;28px&#8220; captcha_font=&#8220;Oswald|600|||||||&#8220; captcha_font_size=&#8220;28px&#8220; captcha_line_height=&#8220;1em&#8220; background_color=&#8220;#e2e2e2&#8243; custom_button=&#8220;on&#8220; button_text_color=&#8220;#FFFFFF&#8220; button_bg_color=&#8220;#12876F&#8220; button_border_width=&#8220;0px&#8220; button_border_radius=&#8220;22px&#8220; button_font=&#8220;Oswald|||on|||||&#8220; text_orientation=&#8220;left&#8220; custom_padding=&#8220;20px|20px|20px|20px|false|false&#8220; border_radii=&#8220;on|5px|5px|5px|5px&#8220; global_colors_info=&#8220;{}&#8220;][et_pb_contact_field field_id=&#8220;Name&#8220; field_title=&#8220;Name:&#8220; _builder_version=&#8220;4.18.0&#8243; form_field_font=&#8220;Source Sans Pro|600|||||||&#8220; global_colors_info=&#8220;{}&#8220; button_text_size__hover_enabled=&#8220;off&#8220; button_one_text_size__hover_enabled=&#8220;off&#8220; button_two_text_size__hover_enabled=&#8220;off&#8220; button_text_color__hover_enabled=&#8220;off&#8220; button_one_text_color__hover_enabled=&#8220;off&#8220; button_two_text_color__hover_enabled=&#8220;off&#8220; button_border_width__hover_enabled=&#8220;off&#8220; button_one_border_width__hover_enabled=&#8220;off&#8220; button_two_border_width__hover_enabled=&#8220;off&#8220; button_border_color__hover_enabled=&#8220;off&#8220; button_one_border_color__hover_enabled=&#8220;off&#8220; button_two_border_color__hover_enabled=&#8220;off&#8220; button_border_radius__hover_enabled=&#8220;off&#8220; button_one_border_radius__hover_enabled=&#8220;off&#8220; button_two_border_radius__hover_enabled=&#8220;off&#8220; button_letter_spacing__hover_enabled=&#8220;off&#8220; button_one_letter_spacing__hover_enabled=&#8220;off&#8220; button_two_letter_spacing__hover_enabled=&#8220;off&#8220; button_bg_color__hover_enabled=&#8220;off&#8220; button_one_bg_color__hover_enabled=&#8220;off&#8220; button_two_bg_color__hover_enabled=&#8220;off&#8220;][\/et_pb_contact_field][et_pb_contact_field field_id=&#8220;Email&#8220; field_title=&#8220;E-Mail-Adresse:&#8220; field_type=&#8220;email&#8220; _builder_version=&#8220;4.18.0&#8243; form_field_font=&#8220;Source Sans Pro|600|||||||&#8220; global_colors_info=&#8220;{}&#8220; button_text_size__hover_enabled=&#8220;off&#8220; button_one_text_size__hover_enabled=&#8220;off&#8220; button_two_text_size__hover_enabled=&#8220;off&#8220; button_text_color__hover_enabled=&#8220;off&#8220; button_one_text_color__hover_enabled=&#8220;off&#8220; button_two_text_color__hover_enabled=&#8220;off&#8220; button_border_width__hover_enabled=&#8220;off&#8220; button_one_border_width__hover_enabled=&#8220;off&#8220; button_two_border_width__hover_enabled=&#8220;off&#8220; button_border_color__hover_enabled=&#8220;off&#8220; button_one_border_color__hover_enabled=&#8220;off&#8220; button_two_border_color__hover_enabled=&#8220;off&#8220; button_border_radius__hover_enabled=&#8220;off&#8220; button_one_border_radius__hover_enabled=&#8220;off&#8220; button_two_border_radius__hover_enabled=&#8220;off&#8220; button_letter_spacing__hover_enabled=&#8220;off&#8220; button_one_letter_spacing__hover_enabled=&#8220;off&#8220; button_two_letter_spacing__hover_enabled=&#8220;off&#8220; button_bg_color__hover_enabled=&#8220;off&#8220; button_one_bg_color__hover_enabled=&#8220;off&#8220; button_two_bg_color__hover_enabled=&#8220;off&#8220;][\/et_pb_contact_field][et_pb_contact_field field_id=&#8220;Message&#8220; field_title=&#8220;Nachricht:&#8220; field_type=&#8220;text&#8220; fullwidth_field=&#8220;on&#8220; _builder_version=&#8220;4.18.0&#8243; form_field_font=&#8220;Source Sans Pro|600|||||||&#8220; global_colors_info=&#8220;{}&#8220; button_text_size__hover_enabled=&#8220;off&#8220; button_one_text_size__hover_enabled=&#8220;off&#8220; button_two_text_size__hover_enabled=&#8220;off&#8220; button_text_color__hover_enabled=&#8220;off&#8220; button_one_text_color__hover_enabled=&#8220;off&#8220; button_two_text_color__hover_enabled=&#8220;off&#8220; button_border_width__hover_enabled=&#8220;off&#8220; button_one_border_width__hover_enabled=&#8220;off&#8220; button_two_border_width__hover_enabled=&#8220;off&#8220; button_border_color__hover_enabled=&#8220;off&#8220; button_one_border_color__hover_enabled=&#8220;off&#8220; button_two_border_color__hover_enabled=&#8220;off&#8220; button_border_radius__hover_enabled=&#8220;off&#8220; button_one_border_radius__hover_enabled=&#8220;off&#8220; button_two_border_radius__hover_enabled=&#8220;off&#8220; button_letter_spacing__hover_enabled=&#8220;off&#8220; button_one_letter_spacing__hover_enabled=&#8220;off&#8220; button_two_letter_spacing__hover_enabled=&#8220;off&#8220; button_bg_color__hover_enabled=&#8220;off&#8220; button_one_bg_color__hover_enabled=&#8220;off&#8220; button_two_bg_color__hover_enabled=&#8220;off&#8220;][\/et_pb_contact_field][et_pb_contact_field field_id=&#8220;Telefon&#8220; field_title=&#8220;Telefon (optional):&#8220; required_mark=&#8220;off&#8220; fullwidth_field=&#8220;on&#8220; _builder_version=&#8220;4.18.0&#8243; _module_preset=&#8220;default&#8220; form_field_font=&#8220;Source Sans Pro|600|||||||&#8220; global_colors_info=&#8220;{}&#8220;][\/et_pb_contact_field][et_pb_contact_field field_id=&#8220;Datenschutz&#8220; field_title=&#8220;Datenschutz&#8220; field_type=&#8220;checkbox&#8220; checkbox_options=&#8220;%91{%22value%22:%22Ich bin mit Ihren Datenschutzbestimmungen einverstanden %22,%22checked%22:0,%22dragID%22:-1}%93&#8243; fullwidth_field=&#8220;on&#8220; _builder_version=&#8220;4.18.0&#8243; _module_preset=&#8220;default&#8220; global_colors_info=&#8220;{}&#8220;][\/et_pb_contact_field][\/et_pb_contact_form][\/et_pb_column][\/et_pb_row][\/et_pb_section]\n","protected":false},"excerpt":{"rendered":"<p>&nbsp; Wir freuen uns, wenn Sie sich f\u00fcr eine Mitgliedschaft interessieren. Liegt Ihnen auch die Nordstadt am Herzen? W\u00fcrden Sie gerne einiges ver\u00e4ndern oder haben Sie Ideen unseren Stadtteil zu verbessern? Sie k\u00f6nnen uns mit sowohl mit einer passiven Mitgliedschaft unterst\u00fctzen, als auch aktiv in unserem Verein mitwirken. Wenn Sie hierzu noch Fragen haben, k\u00f6nnen [&hellip;]<\/p>\n","protected":false},"author":2,"featured_media":0,"parent":0,"menu_order":0,"comment_status":"closed","ping_status":"closed","template":"","meta":{"_et_pb_use_builder":"on","_et_pb_old_content":"","_et_gb_content_width":"","footnotes":""},"class_list":["post-25592","page","type-page","status-publish","hentry"],"_links":{"self":[{"href":"https:\/\/initiativkreis-nordstadt.de\/index.php?rest_route=\/wp\/v2\/pages\/25592","targetHints":{"allow":["GET"]}}],"collection":[{"href":"https:\/\/initiativkreis-nordstadt.de\/index.php?rest_route=\/wp\/v2\/pages"}],"about":[{"href":"https:\/\/initiativkreis-nordstadt.de\/index.php?rest_route=\/wp\/v2\/types\/page"}],"author":[{"embeddable":true,"href":"https:\/\/initiativkreis-nordstadt.de\/index.php?rest_route=\/wp\/v2\/users\/2"}],"replies":[{"embeddable":true,"href":"https:\/\/initiativkreis-nordstadt.de\/index.php?rest_route=%2Fwp%2Fv2%2Fcomments&post=25592"}],"version-history":[{"count":43,"href":"https:\/\/initiativkreis-nordstadt.de\/index.php?rest_route=\/wp\/v2\/pages\/25592\/revisions"}],"predecessor-version":[{"id":25696,"href":"https:\/\/initiativkreis-nordstadt.de\/index.php?rest_route=\/wp\/v2\/pages\/25592\/revisions\/25696"}],"wp:attachment":[{"href":"https:\/\/initiativkreis-nordstadt.de\/index.php?rest_route=%2Fwp%2Fv2%2Fmedia&parent=25592"}],"curies":[{"name":"wp","href":"https:\/\/api.w.org\/{rel}","templated":true}]}}