{"id":24962,"date":"2022-08-03T08:14:52","date_gmt":"2022-08-03T08:14:52","guid":{"rendered":"https:\/\/initiativkreis-nordstadt.de\/?page_id=24962"},"modified":"2026-03-06T13:39:15","modified_gmt":"2026-03-06T13:39:15","slug":"people_muster","status":"publish","type":"page","link":"https:\/\/initiativkreis-nordstadt.de\/?page_id=24962","title":{"rendered":"Vorstand"},"content":{"rendered":"<p>[et_pb_section fb_built=&#8220;1&#8243; _builder_version=&#8220;4.17.6&#8243; _module_preset=&#8220;default&#8220; global_colors_info=&#8220;{}&#8220;][et_pb_row _builder_version=&#8220;4.17.6&#8243; _module_preset=&#8220;default&#8220; global_colors_info=&#8220;{}&#8220;][et_pb_column type=&#8220;4_4&#8243; _builder_version=&#8220;4.17.6&#8243; _module_preset=&#8220;default&#8220; global_colors_info=&#8220;{}&#8220;][et_pb_text _builder_version=&#8220;4.17.6&#8243; _module_preset=&#8220;default&#8220; header_text_color=&#8220;#FFFFFF&#8220; header_2_text_color=&#8220;#FFFFFF&#8220; header_2_font_size=&#8220;32px&#8220; header_2_line_height=&#8220;1.4em&#8220; background_color=&#8220;#12876F&#8220; custom_padding=&#8220;20px||20px|20px|false|false&#8220; global_colors_info=&#8220;{}&#8220;]<\/p>\n<h2>Wenn man sich mit Gleichgesinnten zusammen tut, ist dies die beste M\u00f6glichkeit gemeinsam etwas zu ereichen.<\/h2>\n<p>[\/et_pb_text][et_pb_text _builder_version=&#8220;4.17.6&#8243; _module_preset=&#8220;default&#8220; text_font=&#8220;Source Sans Pro||||||||&#8220; header_3_font=&#8220;Source Sans Pro||||||||&#8220; global_colors_info=&#8220;{}&#8220;]<\/p>\n<h3>Hier stellen wir Ihnen unseren aktuellen Vorstand vor.<\/h3>\n<p>[\/et_pb_text][\/et_pb_column][\/et_pb_row][\/et_pb_section][et_pb_section fb_built=&#8220;1&#8243; _builder_version=&#8220;4.17.6&#8243; _module_preset=&#8220;default&#8220; background_color=&#8220;rgba(18,135,111,0.18)&#8220; max_width=&#8220;80%&#8220; module_alignment=&#8220;center&#8220; global_colors_info=&#8220;{}&#8220;][et_pb_row column_structure=&#8220;1_4,1_4,1_4,1_4&#8243; use_custom_gutter=&#8220;on&#8220; gutter_width=&#8220;1&#8243; make_equal=&#8220;on&#8220; _builder_version=&#8220;4.24.0&#8243; _module_preset=&#8220;default&#8220; width=&#8220;67%&#8220; custom_margin=&#8220;0px||||false|false&#8220; custom_padding=&#8220;0px||0px|0px|true|false&#8220; box_shadow_style=&#8220;preset1&#8243; box_shadow_horizontal=&#8220;10px&#8220; global_colors_info=&#8220;{}&#8220;][et_pb_column type=&#8220;1_4&#8243; _builder_version=&#8220;4.17.6&#8243; _module_preset=&#8220;default&#8220; global_colors_info=&#8220;{}&#8220;][et_pb_image src=&#8220;https:\/\/initiativkreis-nordstadt.de\/wp-content\/uploads\/2022\/07\/Ralph_Dymek_4.jpg&#8220; title_text=&#8220;Ralph_Dymek_4&#8243; _builder_version=&#8220;4.17.6&#8243; _module_preset=&#8220;default&#8220; animation_style=&#8220;slide&#8220; global_colors_info=&#8220;{}&#8220;][\/et_pb_image][et_pb_blurb title=&#8220;Ralph Dymek&#8220; image_icon_width=&#8220;88px&#8220; content_max_width=&#8220;1100px&#8220; _builder_version=&#8220;4.24.0&#8243; _module_preset=&#8220;default&#8220; header_font=&#8220;||||||||&#8220; header_text_align=&#8220;left&#8220; header_font_size=&#8220;24px&#8220; header_line_height=&#8220;2em&#8220; body_text_align=&#8220;left&#8220; body_text_color=&#8220;#FFFFFF&#8220; body_font_size=&#8220;13px&#8220; body_line_height=&#8220;1.2em&#8220; background_color=&#8220;rgba(17,135,107,0.55)&#8220; image_icon_custom_margin=&#8220;10px||-10px||false|false&#8220; background_layout=&#8220;dark&#8220; width=&#8220;100%&#8220; max_width=&#8220;100%&#8220; module_alignment=&#8220;left&#8220; custom_margin=&#8220;-10px||||false|false&#8220; custom_padding=&#8220;10px|0px|13px|7px|false|false&#8220; global_colors_info=&#8220;{}&#8220;]<\/p>\n<p>1. Vorsitzender<\/p>\n<p>E-Mail:<\/p>\n<p><a href=\"mailto:info@initiativkreis-nordstadt.de\">info@initiativkreis-nordstadt.de<\/a><\/p>\n<p>[\/et_pb_blurb][\/et_pb_column][et_pb_column type=&#8220;1_4&#8243; _builder_version=&#8220;4.17.6&#8243; _module_preset=&#8220;default&#8220; global_colors_info=&#8220;{}&#8220;][et_pb_image src=&#8220;https:\/\/initiativkreis-nordstadt.de\/wp-content\/uploads\/2024\/01\/Lenz_Web3.jpg&#8220; title_text=&#8220;Lenz_Web3&#8243; _builder_version=&#8220;4.24.0&#8243; _module_preset=&#8220;default&#8220; animation_style=&#8220;slide&#8220; global_colors_info=&#8220;{}&#8220;][\/et_pb_image][et_pb_blurb title=&#8220;Stefan Lenz&#8220; image_icon_width=&#8220;88px&#8220; content_max_width=&#8220;1100px&#8220; _builder_version=&#8220;4.24.0&#8243; _module_preset=&#8220;default&#8220; header_font=&#8220;||||||||&#8220; header_text_align=&#8220;left&#8220; header_font_size=&#8220;24px&#8220; header_line_height=&#8220;2em&#8220; body_text_align=&#8220;left&#8220; body_text_color=&#8220;#FFFFFF&#8220; body_font_size=&#8220;13px&#8220; body_line_height=&#8220;1.2em&#8220; background_color=&#8220;rgba(17,135,107,0.55)&#8220; image_icon_custom_margin=&#8220;10px||-10px||false|false&#8220; background_layout=&#8220;dark&#8220; width=&#8220;100%&#8220; max_width=&#8220;100%&#8220; module_alignment=&#8220;left&#8220; height=&#8220;154px&#8220; custom_margin=&#8220;-10px||||false|false&#8220; custom_padding=&#8220;10px|0px|13px|7px|false|false&#8220; global_colors_info=&#8220;{}&#8220;]<\/p>\n<p>Stellvertr. Vorsitzender<\/p>\n<p>[\/et_pb_blurb][\/et_pb_column][et_pb_column type=&#8220;1_4&#8243; _builder_version=&#8220;4.17.6&#8243; _module_preset=&#8220;default&#8220; global_colors_info=&#8220;{}&#8220;][et_pb_image src=&#8220;https:\/\/initiativkreis-nordstadt.de\/wp-content\/uploads\/2022\/08\/Ingrid_Schaefer_1.jpg&#8220; title_text=&#8220;Ingrid_Schaefer_1&#8243; _builder_version=&#8220;4.17.6&#8243; _module_preset=&#8220;default&#8220; animation_style=&#8220;slide&#8220; global_colors_info=&#8220;{}&#8220;][\/et_pb_image][et_pb_blurb title=&#8220;Ingrid Sch\u00e4fer&#8220; image_icon_width=&#8220;88px&#8220; content_max_width=&#8220;1100px&#8220; _builder_version=&#8220;4.18.0&#8243; _module_preset=&#8220;default&#8220; header_font=&#8220;||||||||&#8220; header_text_align=&#8220;left&#8220; header_font_size=&#8220;24px&#8220; header_line_height=&#8220;2em&#8220; body_text_align=&#8220;left&#8220; body_text_color=&#8220;#FFFFFF&#8220; body_font_size=&#8220;13px&#8220; body_line_height=&#8220;1.2em&#8220; background_color=&#8220;rgba(17,135,107,0.55)&#8220; image_icon_custom_margin=&#8220;10px||-10px||false|false&#8220; background_layout=&#8220;dark&#8220; width=&#8220;100%&#8220; max_width=&#8220;100%&#8220; module_alignment=&#8220;left&#8220; custom_margin=&#8220;-10px||||false|false&#8220; custom_padding=&#8220;10px|0px|13px|7px|false|false&#8220; global_colors_info=&#8220;{}&#8220;]<\/p>\n<p>Gesch\u00e4ftsf\u00fchrerin<\/p>\n<p>E-Mail:<\/p>\n<p><a href=\"mailto:kontakt@initiativkreis-nordstadt.de\">kontakt@initiativkreis-nordstadt.de<\/a><\/p>\n<p>[\/et_pb_blurb][\/et_pb_column][et_pb_column type=&#8220;1_4&#8243; _builder_version=&#8220;4.17.6&#8243; _module_preset=&#8220;default&#8220; global_colors_info=&#8220;{}&#8220;][et_pb_image src=&#8220;https:\/\/initiativkreis-nordstadt.de\/wp-content\/uploads\/2022\/08\/Becker_1.jpg&#8220; title_text=&#8220;Becker_1&#8243; _builder_version=&#8220;4.24.0&#8243; _module_preset=&#8220;default&#8220; width=&#8220;100%&#8220; max_width=&#8220;100%&#8220; animation_style=&#8220;slide&#8220; global_colors_info=&#8220;{}&#8220;][\/et_pb_image][et_pb_blurb title=&#8220;Johannes Becker&#8220; image_icon_width=&#8220;88px&#8220; content_max_width=&#8220;1100px&#8220; _builder_version=&#8220;4.24.0&#8243; _module_preset=&#8220;default&#8220; header_font=&#8220;||||||||&#8220; header_text_align=&#8220;left&#8220; header_font_size=&#8220;24px&#8220; header_line_height=&#8220;2em&#8220; body_text_align=&#8220;left&#8220; body_text_color=&#8220;#FFFFFF&#8220; body_font_size=&#8220;13px&#8220; body_line_height=&#8220;1.2em&#8220; background_color=&#8220;rgba(17,135,107,0.55)&#8220; image_icon_custom_margin=&#8220;10px||-10px||false|false&#8220; background_layout=&#8220;dark&#8220; width=&#8220;100%&#8220; max_width=&#8220;100%&#8220; module_alignment=&#8220;left&#8220; height=&#8220;154px&#8220; custom_margin=&#8220;-10px||||false|false&#8220; custom_padding=&#8220;10px|0px|13px|7px|false|false&#8220; global_colors_info=&#8220;{}&#8220;]<\/p>\n<p>Schatzmeister<\/p>\n<p>&nbsp;<\/p>\n<p>[\/et_pb_blurb][\/et_pb_column][\/et_pb_row][et_pb_row column_structure=&#8220;1_4,1_4,1_4,1_4&#8243; use_custom_gutter=&#8220;on&#8220; gutter_width=&#8220;1&#8243; make_equal=&#8220;on&#8220; _builder_version=&#8220;4.24.0&#8243; _module_preset=&#8220;default&#8220; width=&#8220;67%&#8220; custom_margin=&#8220;23px||||false|false&#8220; custom_padding=&#8220;0px||0px|0px|true|false&#8220; box_shadow_style=&#8220;preset1&#8243; box_shadow_horizontal=&#8220;10px&#8220; global_colors_info=&#8220;{}&#8220;][et_pb_column type=&#8220;1_4&#8243; _builder_version=&#8220;4.17.6&#8243; _module_preset=&#8220;default&#8220; global_colors_info=&#8220;{}&#8220;][et_pb_image src=&#8220;https:\/\/initiativkreis-nordstadt.de\/wp-content\/uploads\/2022\/08\/Armin_Loeffler_1.jpg&#8220; title_text=&#8220;Armin_Loeffler_1&#8243; _builder_version=&#8220;4.17.6&#8243; _module_preset=&#8220;default&#8220; animation_style=&#8220;slide&#8220; global_colors_info=&#8220;{}&#8220;][\/et_pb_image][et_pb_blurb title=&#8220;Armin L\u00f6ffler&#8220; image_icon_width=&#8220;88px&#8220; content_max_width=&#8220;1100px&#8220; _builder_version=&#8220;4.18.0&#8243; _module_preset=&#8220;default&#8220; header_font=&#8220;||||||||&#8220; header_text_align=&#8220;left&#8220; header_font_size=&#8220;24px&#8220; header_line_height=&#8220;2em&#8220; body_text_align=&#8220;left&#8220; body_text_color=&#8220;#FFFFFF&#8220; body_font_size=&#8220;13px&#8220; body_line_height=&#8220;0.5em&#8220; background_color=&#8220;rgba(17,135,107,0.55)&#8220; image_icon_custom_margin=&#8220;10px||-10px||false|false&#8220; background_layout=&#8220;dark&#8220; width=&#8220;100%&#8220; max_width=&#8220;100%&#8220; module_alignment=&#8220;left&#8220; height=&#8220;154px&#8220; custom_margin=&#8220;-10px||||false|false&#8220; custom_padding=&#8220;10px|0px|5px|7px|false|false&#8220; global_colors_info=&#8220;{}&#8220;]<\/p>\n<p>Schriftf\u00fchrer<\/p>\n<p>&nbsp;<\/p>\n<p>[\/et_pb_blurb][\/et_pb_column][et_pb_column type=&#8220;1_4&#8243; _builder_version=&#8220;4.17.6&#8243; _module_preset=&#8220;default&#8220; global_colors_info=&#8220;{}&#8220;][et_pb_image src=&#8220;https:\/\/initiativkreis-nordstadt.de\/wp-content\/uploads\/2022\/08\/Toni_Selders_5.jpg&#8220; title_text=&#8220;Toni_Selders_5&#8243; _builder_version=&#8220;4.24.0&#8243; _module_preset=&#8220;default&#8220; animation_style=&#8220;slide&#8220; global_colors_info=&#8220;{}&#8220;][\/et_pb_image][et_pb_blurb title=&#8220;Toni Selders&#8220; image_icon_width=&#8220;88px&#8220; content_max_width=&#8220;250px&#8220; _builder_version=&#8220;4.18.0&#8243; _module_preset=&#8220;default&#8220; header_font=&#8220;||||||||&#8220; header_text_align=&#8220;left&#8220; header_font_size=&#8220;24px&#8220; header_line_height=&#8220;2em&#8220; body_text_align=&#8220;left&#8220; body_text_color=&#8220;#FFFFFF&#8220; body_font_size=&#8220;13px&#8220; body_line_height=&#8220;0.5em&#8220; background_color=&#8220;rgba(17,135,107,0.55)&#8220; image_icon_custom_margin=&#8220;10px||-10px||false|false&#8220; background_layout=&#8220;dark&#8220; max_width=&#8220;100%&#8220; height=&#8220;154px&#8220; custom_margin=&#8220;-10px||||false|false&#8220; custom_padding=&#8220;10px|0px|52px|7px|false|false&#8220; global_colors_info=&#8220;{}&#8220;]<\/p>\n<p>Ehrenvorsitzender<\/p>\n<p>[\/et_pb_blurb][\/et_pb_column][et_pb_column type=&#8220;1_4&#8243; _builder_version=&#8220;4.17.6&#8243; _module_preset=&#8220;default&#8220; global_colors_info=&#8220;{}&#8220;][et_pb_text _builder_version=&#8220;4.17.6&#8243; _module_preset=&#8220;default&#8220; text_text_color=&#8220;#FFFFFF&#8220; header_text_color=&#8220;#FFFFFF&#8220; background_color=&#8220;#12876F&#8220; height=&#8220;60px&#8220; custom_margin=&#8220;0px||||false|false&#8220; custom_padding=&#8220;10px|||10px|false|false&#8220; global_colors_info=&#8220;{}&#8220;]<\/p>\n<h1><\/h1>\n<h1>Beisitzer<\/h1>\n<p>[\/et_pb_text][et_pb_text _builder_version=&#8220;4.24.0&#8243; _module_preset=&#8220;default&#8220; text_text_color=&#8220;#FFFFFF&#8220; text_line_height=&#8220;1em&#8220; background_color=&#8220;#12876F&#8220; background_layout=&#8220;dark&#8220; max_width=&#8220;100%&#8220; module_alignment=&#8220;left&#8220; min_height=&#8220;438px&#8220; custom_padding=&#8220;0px|||10px|false|false&#8220; hover_enabled=&#8220;0&#8243; global_colors_info=&#8220;{}&#8220; sticky_enabled=&#8220;0&#8243;]<\/p>\n<p><strong>Ursula Bittner<\/strong><\/p>\n<p><strong>Lukas Gradtke<\/strong><\/p>\n<p><strong>Toni Sch\u00e4fer<\/strong><\/p>\n<p>[\/et_pb_text][\/et_pb_column][et_pb_column type=&#8220;1_4&#8243; _builder_version=&#8220;4.17.6&#8243; _module_preset=&#8220;default&#8220; global_colors_info=&#8220;{}&#8220;][et_pb_image src=&#8220;https:\/\/initiativkreis-nordstadt.de\/wp-content\/uploads\/2024\/01\/Goerdt_1_newsletter.jpg&#8220; title_text=&#8220;Goerdt_1_newsletter&#8220; _builder_version=&#8220;4.24.0&#8243; _module_preset=&#8220;default&#8220; height=&#8220;362px&#8220; max_height=&#8220;1000px&#8220; global_colors_info=&#8220;{}&#8220;][\/et_pb_image][et_pb_blurb title=&#8220;Jochen Goerdt&#8220; image_icon_width=&#8220;88px&#8220; content_max_width=&#8220;250px&#8220; _builder_version=&#8220;4.24.0&#8243; _module_preset=&#8220;default&#8220; header_font=&#8220;||||||||&#8220; header_text_align=&#8220;left&#8220; header_font_size=&#8220;24px&#8220; header_line_height=&#8220;2em&#8220; body_text_align=&#8220;left&#8220; body_text_color=&#8220;#FFFFFF&#8220; body_font_size=&#8220;13px&#8220; body_line_height=&#8220;0.5em&#8220; background_color=&#8220;rgba(17,135,107,0.55)&#8220; image_icon_custom_margin=&#8220;10px||-10px||false|false&#8220; background_layout=&#8220;dark&#8220; max_width=&#8220;100%&#8220; height=&#8220;146px&#8220; custom_margin=&#8220;-10px||||false|false&#8220; custom_padding=&#8220;10px|0px|52px|7px|false|false&#8220; global_colors_info=&#8220;{}&#8220;]<\/p>\n<p>Ehrenvorsitzender<\/p>\n<p>[\/et_pb_blurb][\/et_pb_column][\/et_pb_row][\/et_pb_section]<\/p>\n","protected":false},"excerpt":{"rendered":"<p>Wenn man sich mit Gleichgesinnten zusammen tut, ist dies die beste M\u00f6glichkeit gemeinsam etwas zu ereichen.Hier stellen wir Ihnen unseren aktuellen Vorstand vor.1. Vorsitzender E-Mail: info@initiativkreis-nordstadt.deStellvertr. VorsitzenderGesch\u00e4ftsf\u00fchrerin E-Mail: kontakt@initiativkreis-nordstadt.deSchatzmeister &nbsp;Schriftf\u00fchrer &nbsp;Ehrenvorsitzender BeisitzerUrsula Bittner Lukas Gradtke Toni Sch\u00e4ferEhrenvorsitzender<\/p>\n","protected":false},"author":2,"featured_media":0,"parent":0,"menu_order":0,"comment_status":"closed","ping_status":"closed","template":"","meta":{"_et_pb_use_builder":"on","_et_pb_old_content":"","_et_gb_content_width":"","footnotes":""},"class_list":["post-24962","page","type-page","status-publish","hentry"],"_links":{"self":[{"href":"https:\/\/initiativkreis-nordstadt.de\/index.php?rest_route=\/wp\/v2\/pages\/24962","targetHints":{"allow":["GET"]}}],"collection":[{"href":"https:\/\/initiativkreis-nordstadt.de\/index.php?rest_route=\/wp\/v2\/pages"}],"about":[{"href":"https:\/\/initiativkreis-nordstadt.de\/index.php?rest_route=\/wp\/v2\/types\/page"}],"author":[{"embeddable":true,"href":"https:\/\/initiativkreis-nordstadt.de\/index.php?rest_route=\/wp\/v2\/users\/2"}],"replies":[{"embeddable":true,"href":"https:\/\/initiativkreis-nordstadt.de\/index.php?rest_route=%2Fwp%2Fv2%2Fcomments&post=24962"}],"version-history":[{"count":43,"href":"https:\/\/initiativkreis-nordstadt.de\/index.php?rest_route=\/wp\/v2\/pages\/24962\/revisions"}],"predecessor-version":[{"id":26023,"href":"https:\/\/initiativkreis-nordstadt.de\/index.php?rest_route=\/wp\/v2\/pages\/24962\/revisions\/26023"}],"wp:attachment":[{"href":"https:\/\/initiativkreis-nordstadt.de\/index.php?rest_route=%2Fwp%2Fv2%2Fmedia&parent=24962"}],"curies":[{"name":"wp","href":"https:\/\/api.w.org\/{rel}","templated":true}]}}